{"id":2,"date":"2025-10-21T10:40:08","date_gmt":"2025-10-21T10:40:08","guid":{"rendered":"http:\/\/www.bat-iso.fr\/?page_id=2"},"modified":"2025-10-21T21:39:13","modified_gmt":"2025-10-21T21:39:13","slug":"nos-services","status":"publish","type":"page","link":"https:\/\/www.bat-iso.fr\/index.php\/nos-services\/","title":{"rendered":"Nos services"},"content":{"rendered":"<div data-colibri-id=\"2-c1\" class=\"style-308 style-local-2-c1 position-relative\">\r\n  <!---->\r\n  <div data-colibri-component=\"section\" data-colibri-id=\"2-c9\" id=\"about\" class=\"h-section h-section-global-spacing d-flex align-items-lg-center align-items-md-center align-items-center style-315 style-local-2-c9 position-relative\">\r\n    <!---->\r\n    <!---->\r\n    <div class=\"h-section-grid-container h-section-boxed-container\">\r\n      <!---->\r\n      <div data-colibri-id=\"2-c10\" class=\"h-row-container gutters-row-lg-0 gutters-row-md-0 gutters-row-0 gutters-row-v-lg-0 gutters-row-v-md-0 gutters-row-v-0 style-316 style-local-2-c10 position-relative\">\r\n        <!---->\r\n        <div class=\"h-row justify-content-lg-center justify-content-md-center justify-content-center align-items-lg-stretch align-items-md-stretch align-items-stretch gutters-col-lg-0 gutters-col-md-0 gutters-col-0 gutters-col-v-lg-0 gutters-col-v-md-0 gutters-col-v-0\">\r\n          <!---->\r\n          <div class=\"h-column h-column-container d-flex h-col-lg-auto h-col-md-auto h-col-auto style-317-outer style-local-2-c11-outer\">\r\n            <div data-colibri-id=\"2-c11\" class=\"d-flex h-flex-basis h-column__inner h-px-lg-0 h-px-md-0 h-px-0 v-inner-lg-0 v-inner-md-0 v-inner-0 style-317 style-local-2-c11 position-relative\">\r\n              <!---->\r\n              <!---->\r\n              <div class=\"w-100 h-y-container h-column__content h-column__v-align flex-basis-100 align-self-lg-start align-self-md-start align-self-start\">\r\n                <!---->\r\n                <div data-colibri-id=\"2-c13\" class=\"h-global-transition-all h-heading style-319 style-local-2-c13 position-relative h-element\">\r\n                  <!---->\r\n                  <div class=\"h-heading__outer style-319 style-local-2-c13\">\r\n                    <!---->\r\n                    <!---->\r\n                    <h2 class=\"\">Isolation et r\u00e9novation sur mesure&nbsp;<\/h2>\r\n                  <\/div>\r\n                <\/div>\r\n                <div data-colibri-id=\"2-c14\" class=\"h-text h-text-component style-320 style-local-2-c14 position-relative h-element\">\r\n                  <!---->\r\n                  <!---->\r\n                  <div class=\"\">\r\n                    <p>Avec BAT-ISO, vous b\u00e9n\u00e9ficiez d\u2019un accompagnement complet pour tous vos projets d\u2019isolation et de r\u00e9novation ext\u00e9rieure.Nous mettons notre expertise au service des particuliers, entreprises et syndics de copropri\u00e9t\u00e9, en alliant qualit\u00e9,\r\n                      r\u00e9activit\u00e9 et conseils&nbsp;personnalis\u00e9s.<\/p>\r\n                  <\/div>\r\n                <\/div>\r\n              <\/div>\r\n            <\/div>\r\n          <\/div>\r\n          <div class=\"h-column h-column-container d-flex h-col-lg-auto h-col-md-auto h-col-auto style-321-outer style-local-2-c15-outer\">\r\n            <div data-colibri-id=\"2-c15\" class=\"d-flex h-flex-basis h-column__inner h-ui-empty-state-container h-px-lg-2 h-px-md-2 h-px-2 v-inner-lg-2 v-inner-md-2 v-inner-2 style-321 style-local-2-c15 position-relative\">\r\n              <!---->\r\n              <!---->\r\n              <div class=\"w-100 h-y-container h-column__content h-column__v-align flex-basis-100\">\r\n                <!---->\r\n              <\/div>\r\n            <\/div>\r\n          <\/div>\r\n        <\/div>\r\n      <\/div>\r\n    <\/div>\r\n  <\/div>\r\n  <div data-colibri-component=\"section\" data-colibri-id=\"2-c16\" id=\"about-2\" class=\"h-section h-section-global-spacing d-flex align-items-lg-center align-items-md-center align-items-center style-322 style-local-2-c16 position-relative\">\r\n    <!---->\r\n    <!---->\r\n    <div class=\"h-section-grid-container h-section-boxed-container\">\r\n      <!---->\r\n      <div data-colibri-id=\"2-c17\" class=\"h-row-container gutters-row-lg-2 gutters-row-md-2 gutters-row-2 gutters-row-v-lg-2 gutters-row-v-md-2 gutters-row-v-2 style-323 style-local-2-c17 position-relative\">\r\n        <!---->\r\n        <div class=\"h-row justify-content-lg-center justify-content-md-center justify-content-center align-items-lg-stretch align-items-md-stretch align-items-stretch gutters-col-lg-2 gutters-col-md-2 gutters-col-2 gutters-col-v-lg-2 gutters-col-v-md-2 gutters-col-v-2\">\r\n          <!---->\r\n          <div class=\"h-column h-column-container d-flex h-col-lg-auto h-col-md-auto h-col-auto style-324-outer style-local-2-c18-outer\">\r\n            <div data-colibri-id=\"2-c18\" class=\"d-flex h-flex-basis h-column__inner h-px-lg-2 h-px-md-2 h-px-2 v-inner-lg-2 v-inner-md-2 v-inner-2 style-324 style-local-2-c18 position-relative\">\r\n              <!---->\r\n              <!---->\r\n              <div class=\"w-100 h-y-container h-column__content h-column__v-align flex-basis-100 align-self-lg-center align-self-md-center align-self-center\">\r\n                <!---->\r\n                <div data-colibri-id=\"2-c20\" class=\"h-global-transition-all h-heading style-326 style-local-2-c20 position-relative h-element\">\r\n                  <!---->\r\n                  <div class=\"h-heading__outer style-326 style-local-2-c20\">\r\n                    <!---->\r\n                    <!---->\r\n                    <h2 class=\"\">Isolation thermique par l\u2019ext\u00e9rieur (ITE)<\/h2>\r\n                  <\/div>\r\n                <\/div>\r\n                <div data-colibri-id=\"2-c21\" class=\"h-text h-text-component style-327 style-local-2-c21 position-relative h-element\">\r\n                  <!---->\r\n                  <!---->\r\n                  <div class=\"\">\r\n                    <p>R\u00e9duisez vos pertes de chaleur et am\u00e9liorez le confort de votre logement gr\u00e2ce \u00e0 une isolation performante.<\/p>\r\n                    <p>Nos solutions sur mesure permettent d\u2019\u00e9conomiser durablement sur vos factures d\u2019\u00e9nergie tout en modernisant&nbsp;votre&nbsp;fa\u00e7ade.<\/p>\r\n                  <\/div>\r\n                <\/div>\r\n              <\/div>\r\n            <\/div>\r\n          <\/div>\r\n          <div class=\"h-column h-column-container d-flex h-col-lg-auto h-col-md-auto h-col-auto style-330-outer style-local-2-c24-outer\">\r\n            <div data-colibri-id=\"2-c24\" class=\"d-flex h-flex-basis h-column__inner h-px-lg-2 h-px-md-2 h-px-2 v-inner-lg-2 v-inner-md-2 v-inner-2 style-330 style-local-2-c24 position-relative\">\r\n              <!---->\r\n              <!---->\r\n              <div class=\"w-100 h-y-container h-column__content h-column__v-align flex-basis-100 align-self-lg-center align-self-md-center align-self-center\">\r\n                <!---->\r\n                <div data-colibri-id=\"2-c25\" class=\"d-block style-331 style-local-2-c25 position-relative h-element\">\r\n                  <!---->\r\n                  <div class=\"h-image__frame-container-outer\">\r\n                    <div class=\"h-image__frame-container\">\r\n                      <!---->\r\n                      <!---->\r\n                      <img loading=\"lazy\" decoding=\"async\" width=\"1598\" height=\"719\" src=\"http:\/\/www.bat-iso.fr\/wp-content\/uploads\/2025\/10\/cropped-WhatsApp-Image-2025-10-21-a-22.37.06_22c1ad84-1.jpg\" class=\"wp-image-134 style-331-image style-local-2-c25-image\" alt=\"\" srcset=\"https:\/\/www.bat-iso.fr\/wp-content\/uploads\/2025\/10\/cropped-WhatsApp-Image-2025-10-21-a-22.37.06_22c1ad84-1.jpg 1598w, https:\/\/www.bat-iso.fr\/wp-content\/uploads\/2025\/10\/cropped-WhatsApp-Image-2025-10-21-a-22.37.06_22c1ad84-1-300x135.jpg 300w, https:\/\/www.bat-iso.fr\/wp-content\/uploads\/2025\/10\/cropped-WhatsApp-Image-2025-10-21-a-22.37.06_22c1ad84-1-1024x461.jpg 1024w, https:\/\/www.bat-iso.fr\/wp-content\/uploads\/2025\/10\/cropped-WhatsApp-Image-2025-10-21-a-22.37.06_22c1ad84-1-768x346.jpg 768w, https:\/\/www.bat-iso.fr\/wp-content\/uploads\/2025\/10\/cropped-WhatsApp-Image-2025-10-21-a-22.37.06_22c1ad84-1-1536x691.jpg 1536w\" sizes=\"auto, (max-width: 1598px) 100vw, 1598px\" \/>\r\n                      <div class=\"h-image__frame h-hide-sm style-331-frameImage style-local-2-c25-frameImage\"><\/div>\r\n                    <\/div>\r\n                  <\/div>\r\n                <\/div>\r\n              <\/div>\r\n            <\/div>\r\n          <\/div>\r\n        <\/div>\r\n      <\/div>\r\n    <\/div>\r\n  <\/div>\r\n  <div data-colibri-component=\"section\" data-colibri-id=\"2-c29\" id=\"about-3\" class=\"h-section h-section-global-spacing d-flex align-items-lg-center align-items-md-center align-items-center style-335 style-local-2-c29 position-relative\">\r\n    <!---->\r\n    <!---->\r\n    <div class=\"h-section-grid-container h-section-boxed-container\">\r\n      <!---->\r\n      <div data-colibri-id=\"2-c30\" class=\"h-row-container gutters-row-lg-2 gutters-row-md-2 gutters-row-2 gutters-row-v-lg-2 gutters-row-v-md-2 gutters-row-v-2 style-336 style-local-2-c30 position-relative\">\r\n        <!---->\r\n        <div class=\"h-row justify-content-lg-center justify-content-md-center justify-content-center align-items-lg-stretch align-items-md-stretch align-items-stretch gutters-col-lg-2 gutters-col-md-2 gutters-col-2 gutters-col-v-lg-2 gutters-col-v-md-2 gutters-col-v-2\">\r\n          <!---->\r\n          <div class=\"h-column h-column-container d-flex h-col-lg-auto h-col-md-auto h-col-auto style-337-outer style-local-2-c31-outer\">\r\n            <div data-colibri-id=\"2-c31\" class=\"d-flex h-flex-basis h-column__inner h-px-lg-2 h-px-md-2 h-px-2 v-inner-lg-2 v-inner-md-2 v-inner-2 style-337 style-local-2-c31 position-relative\">\r\n              <!---->\r\n              <!---->\r\n              <div class=\"w-100 h-y-container h-column__content h-column__v-align flex-basis-100 align-self-lg-center align-self-md-center align-self-center\">\r\n                <!---->\r\n                <div data-colibri-id=\"2-c33\" class=\"h-global-transition-all h-heading style-339 style-local-2-c33 position-relative h-element\">\r\n                  <!---->\r\n                  <div class=\"h-heading__outer style-339 style-local-2-c33\">\r\n                    <!---->\r\n                    <!---->\r\n                    <h2 class=\"\">Ravalement et r\u00e9novation de fa\u00e7ade<\/h2>\r\n                  <\/div>\r\n                <\/div>\r\n                <div data-colibri-id=\"2-c34\" class=\"h-lead h-text h-text-component style-340 style-local-2-c34 position-relative h-element\">\r\n                  <!---->\r\n                  <!---->\r\n                  <div class=\"\">\r\n                    <p>Redonnez vie \u00e0 vos murs ext\u00e9rieurs !\r\n                      <br>Du nettoyage \u00e0 la pose d\u2019enduits ou de bardages, nous assurons des finitions esth\u00e9tiques et r\u00e9sistantes qui prot\u00e8gent votre habitation&nbsp;dans&nbsp;le&nbsp;temps.<\/p>\r\n                  <\/div>\r\n                <\/div>\r\n              <\/div>\r\n            <\/div>\r\n          <\/div>\r\n          <div class=\"h-column h-column-container d-flex h-col-lg-auto h-col-md-auto h-col-auto style-345-outer style-local-2-c39-outer\">\r\n            <div data-colibri-id=\"2-c39\" class=\"d-flex h-flex-basis h-column__inner h-px-lg-2 h-px-md-2 h-px-2 v-inner-lg-2 v-inner-md-2 v-inner-2 style-345 style-local-2-c39 position-relative\">\r\n              <!---->\r\n              <!---->\r\n              <div class=\"w-100 h-y-container h-column__content h-column__v-align flex-basis-100 align-self-lg-start align-self-md-start align-self-start\">\r\n                <!---->\r\n                <div data-colibri-id=\"2-c40\" class=\"d-block style-346 style-local-2-c40 position-relative h-element\">\r\n                  <!---->\r\n                  <div class=\"h-image__frame-container-outer\">\r\n                    <div class=\"h-image__frame-container\">\r\n                      <!---->\r\n                      <!---->\r\n                      <img loading=\"lazy\" decoding=\"async\" width=\"1595\" height=\"601\" src=\"http:\/\/www.bat-iso.fr\/wp-content\/uploads\/2025\/10\/cropped-WhatsApp-Image-2025-10-21-a-22.37.06_be225e01.jpg\" class=\"wp-image-119 style-346-image style-local-2-c40-image\" alt=\"\" srcset=\"https:\/\/www.bat-iso.fr\/wp-content\/uploads\/2025\/10\/cropped-WhatsApp-Image-2025-10-21-a-22.37.06_be225e01.jpg 1595w, https:\/\/www.bat-iso.fr\/wp-content\/uploads\/2025\/10\/cropped-WhatsApp-Image-2025-10-21-a-22.37.06_be225e01-300x113.jpg 300w, https:\/\/www.bat-iso.fr\/wp-content\/uploads\/2025\/10\/cropped-WhatsApp-Image-2025-10-21-a-22.37.06_be225e01-1024x386.jpg 1024w, https:\/\/www.bat-iso.fr\/wp-content\/uploads\/2025\/10\/cropped-WhatsApp-Image-2025-10-21-a-22.37.06_be225e01-768x289.jpg 768w, https:\/\/www.bat-iso.fr\/wp-content\/uploads\/2025\/10\/cropped-WhatsApp-Image-2025-10-21-a-22.37.06_be225e01-1536x579.jpg 1536w\" sizes=\"auto, (max-width: 1595px) 100vw, 1595px\" \/>\r\n                      <div class=\"h-image__frame h-hide-lg h-hide-md h-hide-sm style-346-frameImage style-local-2-c40-frameImage\"><\/div>\r\n                    <\/div>\r\n                  <\/div>\r\n                <\/div>\r\n              <\/div>\r\n            <\/div>\r\n          <\/div>\r\n        <\/div>\r\n      <\/div>\r\n    <\/div>\r\n  <\/div>\r\n  <div data-colibri-component=\"section\" data-colibri-id=\"2-c51\" id=\"about-4\" class=\"h-section h-section-global-spacing d-flex align-items-lg-center align-items-md-center align-items-center style-357 style-local-2-c51 position-relative\">\r\n    <!---->\r\n    <!---->\r\n    <div class=\"h-section-grid-container h-section-boxed-container\">\r\n      <!---->\r\n      <div data-colibri-id=\"2-c52\" class=\"h-row-container gutters-row-lg-0 gutters-row-md-0 gutters-row-0 gutters-row-v-lg-0 gutters-row-v-md-0 gutters-row-v-0 style-358 style-local-2-c52 position-relative\">\r\n        <!---->\r\n        <div class=\"h-row justify-content-lg-center justify-content-md-center justify-content-center align-items-lg-stretch align-items-md-stretch align-items-stretch gutters-col-lg-0 gutters-col-md-0 gutters-col-0 gutters-col-v-lg-0 gutters-col-v-md-0 gutters-col-v-0\">\r\n          <!---->\r\n          <div class=\"h-column h-column-container d-flex h-col-lg-auto h-col-md-auto h-col-auto style-359-outer style-local-2-c53-outer\">\r\n            <div data-colibri-id=\"2-c53\" class=\"d-flex h-flex-basis h-column__inner h-px-lg-0 h-px-md-0 h-px-0 v-inner-lg-0 v-inner-md-0 v-inner-0 style-359 style-local-2-c53 position-relative\">\r\n              <!---->\r\n              <!---->\r\n              <div class=\"w-100 h-y-container h-column__content h-column__v-align flex-basis-100 align-self-lg-start align-self-md-start align-self-start\">\r\n                <!---->\r\n                <div data-colibri-id=\"2-c55\" class=\"h-global-transition-all h-heading style-361 style-local-2-c55 position-relative h-element\">\r\n                  <!---->\r\n                  <div class=\"h-heading__outer style-361 style-local-2-c55\">\r\n                    <!---->\r\n                    <!---->\r\n                    <h2 class=\"\">Peinture et finitions ext\u00e9rieures<\/h2>\r\n                  <\/div>\r\n                <\/div>\r\n                <div data-colibri-id=\"2-c56\" class=\"h-text h-text-component style-362 style-local-2-c56 position-relative h-element\">\r\n                  <!---->\r\n                  <!---->\r\n                  <div class=\"\">\r\n                    <p>Peinture d\u00e9corative, enduits, ou rev\u00eatements techniques : nous apportons la touche finale \u00e0 vos fa\u00e7ades avec des produits durables et adapt\u00e9s aux conditions climatiques&nbsp;locales.<\/p>\r\n                  <\/div>\r\n                <\/div>\r\n              <\/div>\r\n            <\/div>\r\n          <\/div>\r\n          <div class=\"h-column h-column-container d-flex h-col-lg-auto h-col-md-auto h-col-auto style-363-outer style-local-2-c57-outer\">\r\n            <div data-colibri-id=\"2-c57\" class=\"d-flex h-flex-basis h-column__inner h-ui-empty-state-container h-px-lg-2 h-px-md-2 h-px-2 v-inner-lg-2 v-inner-md-2 v-inner-2 style-363 style-local-2-c57 position-relative\">\r\n              <!---->\r\n              <!---->\r\n              <div class=\"w-100 h-y-container h-column__content h-column__v-align flex-basis-100\">\r\n                <!---->\r\n              <\/div>\r\n            <\/div>\r\n          <\/div>\r\n        <\/div>\r\n      <\/div>\r\n    <\/div>\r\n  <\/div>\r\n<\/div>","protected":false},"excerpt":{"rendered":"<p>Isolation et r\u00e9novation sur mesure&nbsp; Avec BAT-ISO, vous b\u00e9n\u00e9ficiez d\u2019un accompagnement complet pour [&hellip;]<\/p>\n","protected":false},"author":1,"featured_media":0,"parent":0,"menu_order":0,"comment_status":"closed","ping_status":"closed","template":"page-templates\/full-width-page.php","meta":{"footnotes":""},"class_list":["post-2","page","type-page","status-publish","hentry"],"_links":{"self":[{"href":"https:\/\/www.bat-iso.fr\/index.php\/wp-json\/wp\/v2\/pages\/2","targetHints":{"allow":["GET"]}}],"collection":[{"href":"https:\/\/www.bat-iso.fr\/index.php\/wp-json\/wp\/v2\/pages"}],"about":[{"href":"https:\/\/www.bat-iso.fr\/index.php\/wp-json\/wp\/v2\/types\/page"}],"author":[{"embeddable":true,"href":"https:\/\/www.bat-iso.fr\/index.php\/wp-json\/wp\/v2\/users\/1"}],"replies":[{"embeddable":true,"href":"https:\/\/www.bat-iso.fr\/index.php\/wp-json\/wp\/v2\/comments?post=2"}],"version-history":[{"count":2,"href":"https:\/\/www.bat-iso.fr\/index.php\/wp-json\/wp\/v2\/pages\/2\/revisions"}],"predecessor-version":[{"id":143,"href":"https:\/\/www.bat-iso.fr\/index.php\/wp-json\/wp\/v2\/pages\/2\/revisions\/143"}],"wp:attachment":[{"href":"https:\/\/www.bat-iso.fr\/index.php\/wp-json\/wp\/v2\/media?parent=2"}],"curies":[{"name":"wp","href":"https:\/\/api.w.org\/{rel}","templated":true}]}}